{"id":1512,"date":"2025-03-03T12:29:28","date_gmt":"2025-03-03T12:29:28","guid":{"rendered":"https:\/\/mon-autoecole.net\/?post_type=product&#038;p=1512"},"modified":"2025-03-03T13:34:33","modified_gmt":"2025-03-03T13:34:33","slug":"%d8%a8%d8%a7%d9%82%d8%a9-%d8%a7%d9%84%d9%85%d8%a8%d8%aa%d8%af%d8%a6%d9%8a%d9%86","status":"publish","type":"product","link":"https:\/\/mon-autoecole.net\/fr\/produit\/%d8%a8%d8%a7%d9%82%d8%a9-%d8%a7%d9%84%d9%85%d8%a8%d8%aa%d8%af%d8%a6%d9%8a%d9%86\/","title":{"rendered":"Formule D\u00e9butants"},"content":{"rendered":"<div class=\"ha-pricing-table-body\">\n<ul class=\"ha-pricing-table-features-list\">\n<li class=\"elementor-repeater-item-d651a91\">\n<div class=\"ha-pricing-table-feature-text\">20 heures de conduite avec un instructeur qualifi\u00e9<\/div>\n<\/li>\n<li class=\"elementor-repeater-item-2506146\">\n<div class=\"ha-pricing-table-feature-text\">S\u00e9ances illimit\u00e9es de cours en pr\u00e9sentiel sur le code de la route<\/div>\n<\/li>\n<li class=\"elementor-repeater-item-f7a24e2\">\n<div class=\"ha-pricing-table-feature-text\">Acc\u00e8s gratuit \u00e0 la plateforme LCode Permis pour apprendre le Code de la route en ligne\u00a0<a href=\"https:\/\/mon-autoecole.net\/fr\/lcode.ma\/\">LCode Permis<\/a>\u00a0\u0644\u062a\u0639\u0644\u0645 \u0642\u0627\u0646\u0648\u0646 \u0627\u0644\u0633\u064a\u0631 \u0639\u0628\u0631 \u0627\u0644\u0625\u0646\u062a\u0631\u0646\u062a.<\/div>\n<\/li>\n<li class=\"elementor-repeater-item-6b7a13d\">\n<div class=\"ha-pricing-table-feature-text\">Deux heures de conduite hors de la ville pour acqu\u00e9rir des comp\u00e9tences de conduite sur les routes longues<\/div>\n<\/li>\n<li class=\"elementor-repeater-item-931615e\">\n<div class=\"ha-pricing-table-feature-text\">Brochure d'apprentissage de la conduite incluse dans la formation<\/div>\n<\/li>\n<li class=\"elementor-repeater-item-a483443\">\n<div class=\"ha-pricing-table-feature-text\">Test blanc (th\u00e9orique et pratique) pour une bonne pr\u00e9paration \u00e0 l'examen officiel<\/div>\n<\/li>\n<li class=\"elementor-repeater-item-cc5c29f\">\n<div class=\"ha-pricing-table-feature-text\">Suivi personnalis\u00e9 pour \u00e9valuer vos progr\u00e8s r\u00e9guli\u00e8rement<\/div>\n<\/li>\n<li class=\"elementor-repeater-item-5754562\"><i class=\"huge huge-checkmark-badge-04\" aria-hidden=\"true\"><\/i>\n<div class=\"ha-pricing-table-feature-text\">\u0645\u0631\u0648\u0646\u0629 \u0641\u064a \u0627\u0644\u062a\u062f\u0631\u064a\u0628 : \u062d\u0635\u0635 \u0627\u0644\u0633\u064a\u0627\u0642\u0629 \u062a\u062a\u0645 \u0628\u0627\u0644\u0645\u0648\u0627\u0639\u064a\u062f\u060c \u0648\u0627\u0644\u0633\u064a\u0627\u0631\u0629 \u062a\u0623\u062a\u064a \u0625\u0644\u0649 \u0645\u0646\u0632\u0644\u0643<\/div>\n<\/li>\n<li class=\"elementor-repeater-item-60c90d6\"><i class=\"huge huge-checkmark-badge-04\" aria-hidden=\"true\"><\/i>\n<div class=\"ha-pricing-table-feature-text\">Groupe WhatsApp priv\u00e9 avec l'instructeur et les stagiaires pour poser des questions et \u00e9changer<\/div>\n<\/li>\n<li class=\"elementor-repeater-item-96ac155\"><i class=\"huge huge-checkmark-badge-04\" aria-hidden=\"true\"><\/i>\n<div class=\"ha-pricing-table-feature-text\">Cours de code de la route en ligne : pas besoin d\u2019aller dans une auto-\u00e9cole<\/div>\n<\/li>\n<\/ul>\n<\/div>\n<div class=\"ha-pricing-table-price\"><\/div>","protected":false},"excerpt":{"rendered":"<p>20 \u0633\u0627\u0639\u0629 \u0645\u0646 \u0627\u0644\u0633\u064a\u0627\u0642\u0629 \u0645\u0639 \u0645\u062f\u0631\u0628 \u0645\u0624\u0647\u0644. \u062d\u0635\u0635 \u063a\u064a\u0631 \u0645\u062d\u062f\u0648\u062f\u0629 \u0644\u062f\u0631\u0648\u0633 \u0642\u0627\u0646\u0648\u0646 \u0627\u0644\u0633\u064a\u0631 \u0627\u0644\u062d\u0636\u0648\u0631\u064a\u0629. \u0648\u0635\u0648\u0644 \u0645\u062c\u0627\u0646\u064a \u0625\u0644\u0649 \u0645\u0646\u0635\u0629\u00a0LCode Permis\u00a0\u0644\u062a\u0639\u0644\u0645 \u0642\u0627\u0646\u0648\u0646 \u0627\u0644\u0633\u064a\u0631 \u0639\u0628\u0631 \u0627\u0644\u0625\u0646\u062a\u0631\u0646\u062a. \u0633\u0627\u0639\u062a\u0627\u0646 \u0645\u0646 \u0627\u0644\u0633\u064a\u0627\u0642\u0629 \u062e\u0627\u0631\u062c \u0627\u0644\u0645\u062f\u064a\u0646\u0629 \u0644\u0627\u0643\u062a\u0633\u0627\u0628 \u0645\u0647\u0627\u0631\u0627\u062a \u0627\u0644\u0642\u064a\u0627\u062f\u0629 \u0641\u064a \u0627\u0644\u0637\u0631\u0642 \u0627\u0644\u0637\u0648\u064a\u0644\u0629 . \u0643\u062a\u064a\u0628 \u062a\u0639\u0644\u0645 \u0627\u0644\u0633\u064a\u0627\u0642\u0629 \u0645\u0631\u0641\u0642 \u0645\u0639 \u0627\u0644\u062a\u0643\u0648\u064a\u0646 \u0627\u062e\u062a\u0628\u0627\u0631 \u062a\u062c\u0631\u064a\u0628\u064a (\u0646\u0638\u0631\u064a \u0648\u0639\u0645\u0644\u064a) \u0644\u0644\u062a\u062d\u0636\u064a\u0631 \u0627\u0644\u062c\u064a\u062f \u0644\u0644\u0627\u0645\u062a\u062d\u0627\u0646 \u0627\u0644\u0631\u0633\u0645\u064a \u0645\u062a\u0627\u0628\u0639\u0629 \u0634\u062e\u0635\u064a\u0629 \u0644\u062a\u0642\u064a\u064a\u0645 \u062a\u0642\u062f\u0645\u0643 \u0628\u0634\u0643\u0644 \u062f\u0648\u0631\u064a [&hellip;]<\/p>","protected":false},"featured_media":0,"comment_status":"open","ping_status":"closed","template":"","meta":[],"product_brand":[],"product_cat":[90],"product_tag":[],"class_list":{"0":"post-1512","1":"product","2":"type-product","3":"status-publish","5":"product_cat-uncategorized","7":"first","8":"instock","9":"virtual","10":"purchasable","11":"product-type-simple"},"yoast_head":"<!-- This site is optimized with the Yoast SEO Premium plugin v24.2 (Yoast SEO v24.3) - https:\/\/yoast.com\/wordpress\/plugins\/seo\/ -->\n<title>\u0628\u0627\u0642\u0629 \u0627\u0644\u0645\u0628\u062a\u062f\u0626\u064a\u0646 - MonAutoEcole<\/title>\n<meta name=\"robots\" content=\"index, follow, max-snippet:-1, max-image-preview:large, max-video-preview:-1\" \/>\n<link rel=\"canonical\" href=\"https:\/\/mon-autoecole.net\/fr\/produit\/\u0628\u0627\u0642\u0629-\u0627\u0644\u0645\u0628\u062a\u062f\u0626\u064a\u0646\/\" \/>\n<meta property=\"og:locale\" content=\"fr_FR\" \/>\n<meta property=\"og:type\" content=\"article\" \/>\n<meta property=\"og:title\" content=\"\u0628\u0627\u0642\u0629 \u0627\u0644\u0645\u0628\u062a\u062f\u0626\u064a\u0646\" \/>\n<meta property=\"og:description\" content=\"20 \u0633\u0627\u0639\u0629 \u0645\u0646 \u0627\u0644\u0633\u064a\u0627\u0642\u0629 \u0645\u0639 \u0645\u062f\u0631\u0628 \u0645\u0624\u0647\u0644. \u062d\u0635\u0635 \u063a\u064a\u0631 \u0645\u062d\u062f\u0648\u062f\u0629 \u0644\u062f\u0631\u0648\u0633 \u0642\u0627\u0646\u0648\u0646 \u0627\u0644\u0633\u064a\u0631 \u0627\u0644\u062d\u0636\u0648\u0631\u064a\u0629. \u0648\u0635\u0648\u0644 \u0645\u062c\u0627\u0646\u064a \u0625\u0644\u0649 \u0645\u0646\u0635\u0629\u00a0LCode Permis\u00a0\u0644\u062a\u0639\u0644\u0645 \u0642\u0627\u0646\u0648\u0646 \u0627\u0644\u0633\u064a\u0631 \u0639\u0628\u0631 \u0627\u0644\u0625\u0646\u062a\u0631\u0646\u062a. \u0633\u0627\u0639\u062a\u0627\u0646 \u0645\u0646 \u0627\u0644\u0633\u064a\u0627\u0642\u0629 \u062e\u0627\u0631\u062c \u0627\u0644\u0645\u062f\u064a\u0646\u0629 \u0644\u0627\u0643\u062a\u0633\u0627\u0628 \u0645\u0647\u0627\u0631\u0627\u062a \u0627\u0644\u0642\u064a\u0627\u062f\u0629 \u0641\u064a \u0627\u0644\u0637\u0631\u0642 \u0627\u0644\u0637\u0648\u064a\u0644\u0629 . \u0643\u062a\u064a\u0628 \u062a\u0639\u0644\u0645 \u0627\u0644\u0633\u064a\u0627\u0642\u0629 \u0645\u0631\u0641\u0642 \u0645\u0639 \u0627\u0644\u062a\u0643\u0648\u064a\u0646 \u0627\u062e\u062a\u0628\u0627\u0631 \u062a\u062c\u0631\u064a\u0628\u064a (\u0646\u0638\u0631\u064a \u0648\u0639\u0645\u0644\u064a) \u0644\u0644\u062a\u062d\u0636\u064a\u0631 \u0627\u0644\u062c\u064a\u062f \u0644\u0644\u0627\u0645\u062a\u062d\u0627\u0646 \u0627\u0644\u0631\u0633\u0645\u064a \u0645\u062a\u0627\u0628\u0639\u0629 \u0634\u062e\u0635\u064a\u0629 \u0644\u062a\u0642\u064a\u064a\u0645 \u062a\u0642\u062f\u0645\u0643 \u0628\u0634\u0643\u0644 \u062f\u0648\u0631\u064a [&hellip;]\" \/>\n<meta property=\"og:url\" content=\"https:\/\/mon-autoecole.net\/fr\/produit\/\u0628\u0627\u0642\u0629-\u0627\u0644\u0645\u0628\u062a\u062f\u0626\u064a\u0646\/\" \/>\n<meta property=\"og:site_name\" content=\"MonAutoEcole\" \/>\n<meta property=\"article:modified_time\" content=\"2025-03-03T13:34:33+00:00\" \/>\n<meta name=\"twitter:card\" content=\"summary_large_image\" \/>\n<script type=\"application\/ld+json\" class=\"yoast-schema-graph\">{\"@context\":\"https:\/\/schema.org\",\"@graph\":[{\"@type\":\"WebPage\",\"@id\":\"https:\/\/mon-autoecole.net\/product\/%d8%a8%d8%a7%d9%82%d8%a9-%d8%a7%d9%84%d9%85%d8%a8%d8%aa%d8%af%d8%a6%d9%8a%d9%86\/\",\"url\":\"https:\/\/mon-autoecole.net\/product\/%d8%a8%d8%a7%d9%82%d8%a9-%d8%a7%d9%84%d9%85%d8%a8%d8%aa%d8%af%d8%a6%d9%8a%d9%86\/\",\"name\":\"\u0628\u0627\u0642\u0629 \u0627\u0644\u0645\u0628\u062a\u062f\u0626\u064a\u0646 - MonAutoEcole\",\"isPartOf\":{\"@id\":\"https:\/\/mon-autoecole.net\/#website\"},\"datePublished\":\"2025-03-03T12:29:28+00:00\",\"dateModified\":\"2025-03-03T13:34:33+00:00\",\"breadcrumb\":{\"@id\":\"https:\/\/mon-autoecole.net\/product\/%d8%a8%d8%a7%d9%82%d8%a9-%d8%a7%d9%84%d9%85%d8%a8%d8%aa%d8%af%d8%a6%d9%8a%d9%86\/#breadcrumb\"},\"inLanguage\":\"fr-FR\",\"potentialAction\":[{\"@type\":\"ReadAction\",\"target\":[\"https:\/\/mon-autoecole.net\/product\/%d8%a8%d8%a7%d9%82%d8%a9-%d8%a7%d9%84%d9%85%d8%a8%d8%aa%d8%af%d8%a6%d9%8a%d9%86\/\"]}]},{\"@type\":\"BreadcrumbList\",\"@id\":\"https:\/\/mon-autoecole.net\/product\/%d8%a8%d8%a7%d9%82%d8%a9-%d8%a7%d9%84%d9%85%d8%a8%d8%aa%d8%af%d8%a6%d9%8a%d9%86\/#breadcrumb\",\"itemListElement\":[{\"@type\":\"ListItem\",\"position\":1,\"name\":\"Home\",\"item\":\"https:\/\/mon-autoecole.net\/ar\/\"},{\"@type\":\"ListItem\",\"position\":2,\"name\":\"Shop\",\"item\":\"https:\/\/mon-autoecole.net\/shop\/\"},{\"@type\":\"ListItem\",\"position\":3,\"name\":\"\u0628\u0627\u0642\u0629 \u0627\u0644\u0645\u0628\u062a\u062f\u0626\u064a\u0646\"}]},{\"@type\":\"WebSite\",\"@id\":\"https:\/\/mon-autoecole.net\/#website\",\"url\":\"https:\/\/mon-autoecole.net\/\",\"name\":\"MonAutoEcole Votre Assistant pour Choisir la Meilleure Auto-\u00e9cole\",\"description\":\"Votre Assistant pour Choisir la Meilleure Auto-\u00e9cole\",\"publisher\":{\"@id\":\"https:\/\/mon-autoecole.net\/#organization\"},\"potentialAction\":[{\"@type\":\"SearchAction\",\"target\":{\"@type\":\"EntryPoint\",\"urlTemplate\":\"https:\/\/mon-autoecole.net\/?s={search_term_string}\"},\"query-input\":{\"@type\":\"PropertyValueSpecification\",\"valueRequired\":true,\"valueName\":\"search_term_string\"}}],\"inLanguage\":\"fr-FR\"},{\"@type\":\"Organization\",\"@id\":\"https:\/\/mon-autoecole.net\/#organization\",\"name\":\"J2hb\",\"url\":\"https:\/\/mon-autoecole.net\/\",\"logo\":{\"@type\":\"ImageObject\",\"inLanguage\":\"fr-FR\",\"@id\":\"https:\/\/mon-autoecole.net\/#\/schema\/logo\/image\/\",\"url\":\"https:\/\/mon-autoecole.net\/wp-content\/uploads\/2024\/04\/monAutoEcoleLogo.webp\",\"contentUrl\":\"https:\/\/mon-autoecole.net\/wp-content\/uploads\/2024\/04\/monAutoEcoleLogo.webp\",\"width\":1890,\"height\":1124,\"caption\":\"J2hb\"},\"image\":{\"@id\":\"https:\/\/mon-autoecole.net\/#\/schema\/logo\/image\/\"}}]}<\/script>\n<!-- \/ Yoast SEO Premium plugin. -->","yoast_head_json":{"title":"\u0628\u0627\u0642\u0629 \u0627\u0644\u0645\u0628\u062a\u062f\u0626\u064a\u0646 - MonAutoEcole","robots":{"index":"index","follow":"follow","max-snippet":"max-snippet:-1","max-image-preview":"max-image-preview:large","max-video-preview":"max-video-preview:-1"},"canonical":"https:\/\/mon-autoecole.net\/fr\/produit\/\u0628\u0627\u0642\u0629-\u0627\u0644\u0645\u0628\u062a\u062f\u0626\u064a\u0646\/","og_locale":"fr_FR","og_type":"article","og_title":"\u0628\u0627\u0642\u0629 \u0627\u0644\u0645\u0628\u062a\u062f\u0626\u064a\u0646","og_description":"20 \u0633\u0627\u0639\u0629 \u0645\u0646 \u0627\u0644\u0633\u064a\u0627\u0642\u0629 \u0645\u0639 \u0645\u062f\u0631\u0628 \u0645\u0624\u0647\u0644. \u062d\u0635\u0635 \u063a\u064a\u0631 \u0645\u062d\u062f\u0648\u062f\u0629 \u0644\u062f\u0631\u0648\u0633 \u0642\u0627\u0646\u0648\u0646 \u0627\u0644\u0633\u064a\u0631 \u0627\u0644\u062d\u0636\u0648\u0631\u064a\u0629. \u0648\u0635\u0648\u0644 \u0645\u062c\u0627\u0646\u064a \u0625\u0644\u0649 \u0645\u0646\u0635\u0629\u00a0LCode Permis\u00a0\u0644\u062a\u0639\u0644\u0645 \u0642\u0627\u0646\u0648\u0646 \u0627\u0644\u0633\u064a\u0631 \u0639\u0628\u0631 \u0627\u0644\u0625\u0646\u062a\u0631\u0646\u062a. \u0633\u0627\u0639\u062a\u0627\u0646 \u0645\u0646 \u0627\u0644\u0633\u064a\u0627\u0642\u0629 \u062e\u0627\u0631\u062c \u0627\u0644\u0645\u062f\u064a\u0646\u0629 \u0644\u0627\u0643\u062a\u0633\u0627\u0628 \u0645\u0647\u0627\u0631\u0627\u062a \u0627\u0644\u0642\u064a\u0627\u062f\u0629 \u0641\u064a \u0627\u0644\u0637\u0631\u0642 \u0627\u0644\u0637\u0648\u064a\u0644\u0629 . \u0643\u062a\u064a\u0628 \u062a\u0639\u0644\u0645 \u0627\u0644\u0633\u064a\u0627\u0642\u0629 \u0645\u0631\u0641\u0642 \u0645\u0639 \u0627\u0644\u062a\u0643\u0648\u064a\u0646 \u0627\u062e\u062a\u0628\u0627\u0631 \u062a\u062c\u0631\u064a\u0628\u064a (\u0646\u0638\u0631\u064a \u0648\u0639\u0645\u0644\u064a) \u0644\u0644\u062a\u062d\u0636\u064a\u0631 \u0627\u0644\u062c\u064a\u062f \u0644\u0644\u0627\u0645\u062a\u062d\u0627\u0646 \u0627\u0644\u0631\u0633\u0645\u064a \u0645\u062a\u0627\u0628\u0639\u0629 \u0634\u062e\u0635\u064a\u0629 \u0644\u062a\u0642\u064a\u064a\u0645 \u062a\u0642\u062f\u0645\u0643 \u0628\u0634\u0643\u0644 \u062f\u0648\u0631\u064a [&hellip;]","og_url":"https:\/\/mon-autoecole.net\/fr\/produit\/\u0628\u0627\u0642\u0629-\u0627\u0644\u0645\u0628\u062a\u062f\u0626\u064a\u0646\/","og_site_name":"MonAutoEcole","article_modified_time":"2025-03-03T13:34:33+00:00","twitter_card":"summary_large_image","schema":{"@context":"https:\/\/schema.org","@graph":[{"@type":"WebPage","@id":"https:\/\/mon-autoecole.net\/product\/%d8%a8%d8%a7%d9%82%d8%a9-%d8%a7%d9%84%d9%85%d8%a8%d8%aa%d8%af%d8%a6%d9%8a%d9%86\/","url":"https:\/\/mon-autoecole.net\/product\/%d8%a8%d8%a7%d9%82%d8%a9-%d8%a7%d9%84%d9%85%d8%a8%d8%aa%d8%af%d8%a6%d9%8a%d9%86\/","name":"\u0628\u0627\u0642\u0629 \u0627\u0644\u0645\u0628\u062a\u062f\u0626\u064a\u0646 - MonAutoEcole","isPartOf":{"@id":"https:\/\/mon-autoecole.net\/#website"},"datePublished":"2025-03-03T12:29:28+00:00","dateModified":"2025-03-03T13:34:33+00:00","breadcrumb":{"@id":"https:\/\/mon-autoecole.net\/product\/%d8%a8%d8%a7%d9%82%d8%a9-%d8%a7%d9%84%d9%85%d8%a8%d8%aa%d8%af%d8%a6%d9%8a%d9%86\/#breadcrumb"},"inLanguage":"fr-FR","potentialAction":[{"@type":"ReadAction","target":["https:\/\/mon-autoecole.net\/product\/%d8%a8%d8%a7%d9%82%d8%a9-%d8%a7%d9%84%d9%85%d8%a8%d8%aa%d8%af%d8%a6%d9%8a%d9%86\/"]}]},{"@type":"BreadcrumbList","@id":"https:\/\/mon-autoecole.net\/product\/%d8%a8%d8%a7%d9%82%d8%a9-%d8%a7%d9%84%d9%85%d8%a8%d8%aa%d8%af%d8%a6%d9%8a%d9%86\/#breadcrumb","itemListElement":[{"@type":"ListItem","position":1,"name":"Home","item":"https:\/\/mon-autoecole.net\/ar\/"},{"@type":"ListItem","position":2,"name":"Shop","item":"https:\/\/mon-autoecole.net\/shop\/"},{"@type":"ListItem","position":3,"name":"\u0628\u0627\u0642\u0629 \u0627\u0644\u0645\u0628\u062a\u062f\u0626\u064a\u0646"}]},{"@type":"WebSite","@id":"https:\/\/mon-autoecole.net\/#website","url":"https:\/\/mon-autoecole.net\/","name":"MonAutoEcole Votre Assistant pour Choisir la Meilleure Auto-\u00e9cole","description":"Votre Assistant pour Choisir la Meilleure Auto-\u00e9cole","publisher":{"@id":"https:\/\/mon-autoecole.net\/#organization"},"potentialAction":[{"@type":"SearchAction","target":{"@type":"EntryPoint","urlTemplate":"https:\/\/mon-autoecole.net\/?s={search_term_string}"},"query-input":{"@type":"PropertyValueSpecification","valueRequired":true,"valueName":"search_term_string"}}],"inLanguage":"fr-FR"},{"@type":"Organization","@id":"https:\/\/mon-autoecole.net\/#organization","name":"J2hb","url":"https:\/\/mon-autoecole.net\/","logo":{"@type":"ImageObject","inLanguage":"fr-FR","@id":"https:\/\/mon-autoecole.net\/#\/schema\/logo\/image\/","url":"https:\/\/mon-autoecole.net\/wp-content\/uploads\/2024\/04\/monAutoEcoleLogo.webp","contentUrl":"https:\/\/mon-autoecole.net\/wp-content\/uploads\/2024\/04\/monAutoEcoleLogo.webp","width":1890,"height":1124,"caption":"J2hb"},"image":{"@id":"https:\/\/mon-autoecole.net\/#\/schema\/logo\/image\/"}}]}},"_links":{"self":[{"href":"https:\/\/mon-autoecole.net\/fr\/wp-json\/wp\/v2\/product\/1512","targetHints":{"allow":["GET"]}}],"collection":[{"href":"https:\/\/mon-autoecole.net\/fr\/wp-json\/wp\/v2\/product"}],"about":[{"href":"https:\/\/mon-autoecole.net\/fr\/wp-json\/wp\/v2\/types\/product"}],"replies":[{"embeddable":true,"href":"https:\/\/mon-autoecole.net\/fr\/wp-json\/wp\/v2\/comments?post=1512"}],"wp:attachment":[{"href":"https:\/\/mon-autoecole.net\/fr\/wp-json\/wp\/v2\/media?parent=1512"}],"wp:term":[{"taxonomy":"product_brand","embeddable":true,"href":"https:\/\/mon-autoecole.net\/fr\/wp-json\/wp\/v2\/product_brand?post=1512"},{"taxonomy":"product_cat","embeddable":true,"href":"https:\/\/mon-autoecole.net\/fr\/wp-json\/wp\/v2\/product_cat?post=1512"},{"taxonomy":"product_tag","embeddable":true,"href":"https:\/\/mon-autoecole.net\/fr\/wp-json\/wp\/v2\/product_tag?post=1512"}],"curies":[{"name":"wp","href":"https:\/\/api.w.org\/{rel}","templated":true}]}}